{"id":2,"date":"2019-10-27T18:16:05","date_gmt":"2019-10-27T21:16:05","guid":{"rendered":"https:\/\/aplicacoes.fcc.sc.gov.br\/wpmasc\/?page_id=2"},"modified":"2026-01-08T18:00:44","modified_gmt":"2026-01-08T21:00:44","slug":"pagina-exemplo","status":"publish","type":"page","link":"https:\/\/aplicacoes.fcc.sc.gov.br\/wpmasc\/","title":{"rendered":"Acervo"},"content":{"rendered":"\n<p>O acervo do Museu de Arte de Santa Catarina &#8211; MASC est\u00e1 dispon\u00edvel para pesquisas online. As obras podem ser encontradas atrav\u00e9s de diversos crit\u00e9rios de busca, como nome do artista, nome da obra, t\u00e9cnica art\u00edstica, etc.. As imagens s\u00e3o de uso livre para pesquisas acad\u00eamicas e uso n\u00e3o comercial. Boa visita! <br><\/p>\n\n\n\n<h1 class=\"wp-block-heading\"><a href=\"https:\/\/aplicacoes.fcc.sc.gov.br\/wpmasc\/acervo\/\"><strong>Clique aqui para acessar o Acervo Digital MASC<\/strong><\/a><\/h1>\n\n\n\n<div class=\"wp-block-tainacan-carousel-items-list\" data-module=\"carousel-items-list\" data-search-url=\"\" data-selected-items=\"[&quot;1675&quot;,&quot;2058&quot;,&quot;2148&quot;,&quot;1757&quot;,&quot;287&quot;,&quot;2065&quot;,&quot;1759&quot;,&quot;1051&quot;,&quot;1596&quot;,&quot;1279&quot;]\" data-arrows-position=\"around\" data-load-strategy=\"selection\" data-collection-id=\"9\" data-auto-play=\"true\" data-auto-play-speed=\"3\" data-loop-slides=\"true\" data-hide-title=\"true\" data-large-arrows=\"false\" data-arrows-style=\"type-1\" data-image-size=\"tainacan-medium\" data-show-collection-header=\"false\" data-show-collection-label=\"false\" data-collection-background-color=\"#373839\" data-collection-text-color=\"#fff\" data-max-items-number=\"12\" data-max-items-per-screen=\"6\" data-space-between-items=\"20\" data-space-around-carousel=\"50\" data-tainacan-api-root=\"https:\/\/aplicacoes.fcc.sc.gov.br\/wpmasc\/wp-json\/tainacan\/v2\" data-variable-items-width=\"false\" id=\"wp-block-tainacan-carousel-items-list_9a7faae8-e1ff-4fee-988a-390a06076c6d\"><div><\/div><\/div>\n\n\n\n<p><\/p>\n","protected":false},"excerpt":{"rendered":"<p>O acervo do Museu de Arte de Santa Catarina &#8211; MASC est\u00e1 dispon\u00edvel para pesquisas online. As obras podem ser encontradas atrav\u00e9s de diversos crit\u00e9rios de busca, como nome do artista, nome da obra, t\u00e9cnica art\u00edstica, etc.. As imagens s\u00e3o de uso livre para pesquisas acad\u00eamicas e uso n\u00e3o comercial. Boa visita! Clique aqui para [&hellip;]<\/p>\n","protected":false},"author":1,"featured_media":0,"parent":0,"menu_order":0,"comment_status":"closed","ping_status":"open","template":"","meta":{"footnotes":""},"class_list":["post-2","page","type-page","status-publish","hentry"],"_links":{"self":[{"href":"https:\/\/aplicacoes.fcc.sc.gov.br\/wpmasc\/wp-json\/wp\/v2\/pages\/2","targetHints":{"allow":["GET"]}}],"collection":[{"href":"https:\/\/aplicacoes.fcc.sc.gov.br\/wpmasc\/wp-json\/wp\/v2\/pages"}],"about":[{"href":"https:\/\/aplicacoes.fcc.sc.gov.br\/wpmasc\/wp-json\/wp\/v2\/types\/page"}],"author":[{"embeddable":true,"href":"https:\/\/aplicacoes.fcc.sc.gov.br\/wpmasc\/wp-json\/wp\/v2\/users\/1"}],"replies":[{"embeddable":true,"href":"https:\/\/aplicacoes.fcc.sc.gov.br\/wpmasc\/wp-json\/wp\/v2\/comments?post=2"}],"version-history":[{"count":44,"href":"https:\/\/aplicacoes.fcc.sc.gov.br\/wpmasc\/wp-json\/wp\/v2\/pages\/2\/revisions"}],"predecessor-version":[{"id":46227,"href":"https:\/\/aplicacoes.fcc.sc.gov.br\/wpmasc\/wp-json\/wp\/v2\/pages\/2\/revisions\/46227"}],"wp:attachment":[{"href":"https:\/\/aplicacoes.fcc.sc.gov.br\/wpmasc\/wp-json\/wp\/v2\/media?parent=2"}],"curies":[{"name":"wp","href":"https:\/\/api.w.org\/{rel}","templated":true}]}}