{"id":29882,"date":"2025-06-17T15:37:33","date_gmt":"2025-06-17T18:37:33","guid":{"rendered":"https:\/\/aplicacoes.fcc.sc.gov.br\/wpmasc\/?page_id=29882"},"modified":"2025-06-17T15:47:06","modified_gmt":"2025-06-17T18:47:06","slug":"sobre-o-acervo-do-masc","status":"publish","type":"page","link":"https:\/\/aplicacoes.fcc.sc.gov.br\/wpmasc\/sobre-o-acervo-do-masc\/","title":{"rendered":"Sobre"},"content":{"rendered":"\n<p>O acervo do Museu de Arte de Santa Catarina (MASC) foi formado a partir da Exposi\u00e7\u00e3o de Arte Contempor\u00e2nea, trazida a Florian\u00f3polis em 1948 pelo escritor carioca Marques Rebelo. A mostra, que na \u00e9poca repercutiu na cidade, foi apresentada no Grupo Escolar Modelo Dias Velho, hoje Escola B\u00e1sica Antonieta de Barros, no centro da cidade, deixando, na oportunidade, importantes doa\u00e7\u00f5es por parte do pr\u00f3prio escritor, de artistas participantes e aquisi\u00e7\u00f5es oficiais.<\/p>\n\n\n\n<p>A ideia de Marques Rebelo era que a exposi\u00e7\u00e3o frutificasse e desse origem a um museu. Com o apoio de um coletivo de intelectuais de Florian\u00f3polis conhecido por Grupo Sul, o objetivo do escritor foi alcan\u00e7ado e, a 18 de mar\u00e7o de 1949, o Decreto Estadual n\u00ba 433 criou o Museu de Arte Moderna de Florian\u00f3polis (MAMF), atual Museu de Arte de Santa Catarina (MASC).<\/p>\n\n\n\n<figure class=\"wp-block-image size-large\"><img loading=\"lazy\" decoding=\"async\" width=\"1024\" height=\"848\" src=\"https:\/\/aplicacoes.fcc.sc.gov.br\/wpmasc\/wp-content\/uploads\/tainacan-items\/9\/2149\/MASC0001-1024x848.jpg\" alt=\"\" class=\"wp-image-2174\"\/><figcaption class=\"wp-element-caption\">Iber\u00ea Camargo (Restinga Seca, RS, 1914 \u2013 Porto Alegre, RS, 1994) \u201cNo campo\u201d, s\/data, \u00f3leo sobre tela, 43,5 x 53 cm.<\/figcaption><\/figure>\n\n\n\n<p>O n\u00facleo inicial de 20 obras foi crescendo ao longo das d\u00e9cadas, gra\u00e7as a doa\u00e7\u00f5es de artistas, empresas e colecionadores, e por meio de aquisi\u00e7\u00f5es. Atualmente, o acervo do MASC conta com cerca de 2 mil obras. As premia\u00e7\u00f5es dos Sal\u00f5es Nacionais Victor Meirelles tamb\u00e9m permitiram ampliar a aquisi\u00e7\u00e3o de obras contempor\u00e2neas.<\/p>\n\n\n\n<p>A produ\u00e7\u00e3o catarinense est\u00e1 representada, entre outros, por obras de Eduardo Dias, Malinverni Filho, Martinho de Haro, Hassis, Eli Heil, Meyer Filho, Rodrigo de Haro, Elke Hering, Rubens Oestroem, Fernando Lindote, Luiz Henrique Schwanke e Juarez Machado, formando uma verdadeira retrospectiva da arte de Santa Catarina. Na cole\u00e7\u00e3o nacional, figuram nomes como Di Cavalcanti, C\u00e2ndido Portinari, Djanira, Emeric Marcier, Alfredo Volpi, Tarsila do Amaral, Guignard, Jos\u00e9 Pancetti, Carlos Scliar, Iber\u00ea Camargo, Tomie Ohtake, Aldo Bonadei, M\u00e1rio Zanini, Lula Cardoso Ayres, Frans Krajcberg, Antonio Maia, Marcelo Grassmann, Fayga Ostrower, Antonio Henrique Amaral e L\u00edvio Abramo.<\/p>\n\n\n\n<figure class=\"wp-block-image size-large\"><img loading=\"lazy\" decoding=\"async\" width=\"1024\" height=\"735\" src=\"https:\/\/aplicacoes.fcc.sc.gov.br\/wpmasc\/wp-content\/uploads\/tainacan-items\/9\/1852\/MASC0298-1024x735.jpg\" alt=\"\" class=\"wp-image-2724\"\/><figcaption class=\"wp-element-caption\">Eduardo Dias (Florian\u00f3polis, SC, 1872 \u2013 1945) \u201cPonte Herc\u00edlio Luz\u201d, 1930, \u00f3leo sobre tela, 109 x 152 cm.<\/figcaption><\/figure>\n","protected":false},"excerpt":{"rendered":"<p>O acervo do Museu de Arte de Santa Catarina (MASC) foi formado a partir da Exposi\u00e7\u00e3o de Arte Contempor\u00e2nea, trazida a Florian\u00f3polis em 1948 pelo escritor carioca Marques Rebelo. A mostra, que na \u00e9poca repercutiu na cidade, foi apresentada no Grupo Escolar Modelo Dias Velho, hoje Escola B\u00e1sica Antonieta de Barros, no centro da cidade, [&hellip;]<\/p>\n","protected":false},"author":23,"featured_media":0,"parent":0,"menu_order":0,"comment_status":"closed","ping_status":"closed","template":"","meta":{"footnotes":""},"class_list":["post-29882","page","type-page","status-publish","hentry"],"_links":{"self":[{"href":"https:\/\/aplicacoes.fcc.sc.gov.br\/wpmasc\/wp-json\/wp\/v2\/pages\/29882","targetHints":{"allow":["GET"]}}],"collection":[{"href":"https:\/\/aplicacoes.fcc.sc.gov.br\/wpmasc\/wp-json\/wp\/v2\/pages"}],"about":[{"href":"https:\/\/aplicacoes.fcc.sc.gov.br\/wpmasc\/wp-json\/wp\/v2\/types\/page"}],"author":[{"embeddable":true,"href":"https:\/\/aplicacoes.fcc.sc.gov.br\/wpmasc\/wp-json\/wp\/v2\/users\/23"}],"replies":[{"embeddable":true,"href":"https:\/\/aplicacoes.fcc.sc.gov.br\/wpmasc\/wp-json\/wp\/v2\/comments?post=29882"}],"version-history":[{"count":2,"href":"https:\/\/aplicacoes.fcc.sc.gov.br\/wpmasc\/wp-json\/wp\/v2\/pages\/29882\/revisions"}],"predecessor-version":[{"id":29890,"href":"https:\/\/aplicacoes.fcc.sc.gov.br\/wpmasc\/wp-json\/wp\/v2\/pages\/29882\/revisions\/29890"}],"wp:attachment":[{"href":"https:\/\/aplicacoes.fcc.sc.gov.br\/wpmasc\/wp-json\/wp\/v2\/media?parent=29882"}],"curies":[{"name":"wp","href":"https:\/\/api.w.org\/{rel}","templated":true}]}}