{"id":7061,"date":"2019-11-07T14:37:43","date_gmt":"2019-11-07T16:37:43","guid":{"rendered":"https:\/\/aplicacoes.fcc.sc.gov.br\/wpmasc\/?page_id=7061"},"modified":"2026-03-25T14:00:21","modified_gmt":"2026-03-25T17:00:21","slug":"sobre","status":"publish","type":"page","link":"https:\/\/aplicacoes.fcc.sc.gov.br\/wpmasc\/sobre\/","title":{"rendered":"Contato"},"content":{"rendered":"\n<p><strong>N\u00facleo de Acervo e Conserva\u00e7\u00e3o\u00a0<\/strong><br>Alvaro Henrique Fieri &#8211; Respons\u00e1vel pelo Acervo e Conservador<br>Ana Karina Carvalho &#8211; Assistente de Conserva\u00e7\u00e3o<\/p>\n\n\n\n<p style=\"line-height:1.5\"><strong>Hor\u00e1rio de atendimento:\u00a0<\/strong><br>De Seg. a Sex. das 13hs \u00e0s 19hs <\/p>\n\n\n\n<p style=\"line-height:1.5\"><br><strong>Contato:<\/strong><br>Email: acervomasc@fcc.sc.gov.br <br>Telefone: +55 (48) 3664-2634<br><\/p>\n","protected":false},"excerpt":{"rendered":"<p>N\u00facleo de Acervo e Conserva\u00e7\u00e3o\u00a0Alvaro Henrique Fieri &#8211; Respons\u00e1vel pelo Acervo e ConservadorAna Karina Carvalho &#8211; Assistente de Conserva\u00e7\u00e3o Hor\u00e1rio de atendimento:\u00a0De Seg. a Sex. das 13hs \u00e0s 19hs Contato:Email: acervomasc@fcc.sc.gov.br Telefone: +55 (48) 3664-2634<\/p>\n","protected":false},"author":7,"featured_media":0,"parent":0,"menu_order":0,"comment_status":"closed","ping_status":"closed","template":"","meta":{"footnotes":""},"class_list":["post-7061","page","type-page","status-publish","hentry"],"_links":{"self":[{"href":"https:\/\/aplicacoes.fcc.sc.gov.br\/wpmasc\/wp-json\/wp\/v2\/pages\/7061","targetHints":{"allow":["GET"]}}],"collection":[{"href":"https:\/\/aplicacoes.fcc.sc.gov.br\/wpmasc\/wp-json\/wp\/v2\/pages"}],"about":[{"href":"https:\/\/aplicacoes.fcc.sc.gov.br\/wpmasc\/wp-json\/wp\/v2\/types\/page"}],"author":[{"embeddable":true,"href":"https:\/\/aplicacoes.fcc.sc.gov.br\/wpmasc\/wp-json\/wp\/v2\/users\/7"}],"replies":[{"embeddable":true,"href":"https:\/\/aplicacoes.fcc.sc.gov.br\/wpmasc\/wp-json\/wp\/v2\/comments?post=7061"}],"version-history":[{"count":10,"href":"https:\/\/aplicacoes.fcc.sc.gov.br\/wpmasc\/wp-json\/wp\/v2\/pages\/7061\/revisions"}],"predecessor-version":[{"id":56916,"href":"https:\/\/aplicacoes.fcc.sc.gov.br\/wpmasc\/wp-json\/wp\/v2\/pages\/7061\/revisions\/56916"}],"wp:attachment":[{"href":"https:\/\/aplicacoes.fcc.sc.gov.br\/wpmasc\/wp-json\/wp\/v2\/media?parent=7061"}],"curies":[{"name":"wp","href":"https:\/\/api.w.org\/{rel}","templated":true}]}}